{"id":114,"date":"2020-07-22T16:50:10","date_gmt":"2020-07-22T14:50:10","guid":{"rendered":"https:\/\/www.luishuete.com\/mentorizacion\/?page_id=114"},"modified":"2020-07-22T16:50:10","modified_gmt":"2020-07-22T14:50:10","slug":"aviso-legal","status":"publish","type":"page","link":"https:\/\/www.luishuete.com\/mentorizacion\/aviso-legal\/","title":{"rendered":"Aviso Legal"},"content":{"rendered":"<h3>TITULAR DEL SITIO WEB<\/h3>\n<p><strong>Denominaci\u00f3n Social<\/strong>: EQUIPO 56, SL<br \/>\n<strong>CIF<\/strong>: B-61847992<br \/>\n<strong>Domicilio Social<\/strong>: Avda. Gral. Per\u00f3n 22, 1\u00aaC 28020, Madrid<br \/>\n<strong>Contacto<\/strong>: Luis Huete<br \/>\n<strong>Tel\u00e9fono<\/strong>: 917021458<br \/>\n<strong>Email<\/strong>: <a href=\"mailto:equipo56@luishuete.com\">equipo56@luishuete.com<\/a><\/p>\n<h3>DATOS DE INSCRIPCI\u00d3N EN EL REGISTRO MERCANTIL:<\/h3>\n<p><strong>Tomo<\/strong>: 17.156<br \/>\n<strong>Folio<\/strong>: 201<br \/>\n<strong>Hoja<\/strong>: M-29386<br \/>\n<strong>Inscripci\u00f3n<\/strong>: 2<\/p>\n<h3>DERECHOS DE PROPIEDAD INTELECTUAL E INDUSTRIAL<\/h3>\n<p><strong>EQUIPO 56, SL<\/strong> con CIF: B-61847992. es titular de los derechos de propiedad intelectual e industrial de todos los elementos que integran la web \u201c<a href=\"http:\/\/www.luishuete.com\">www.luishuete.com<\/a>\u201d. En particular y a t\u00edtulo no limitativo, est\u00e1n protegidos por los derechos de autor el dise\u00f1o gr\u00e1fico, logos, contenidos, gr\u00e1ficos, ilustraciones, fotograf\u00edas y dem\u00e1s elementos contenidos en este sitio web. Por tanto, queda prohibida su reproducci\u00f3n, distribuci\u00f3n, comunicaci\u00f3n p\u00fablica y transformaci\u00f3n.<\/p>\n<h3>RESPONSABILIDAD<\/h3>\n<p><strong>Equipo 56.SL.,<\/strong> no se responsabiliza del mal uso que se realice de los contenidos de esta web, siendo exclusiva la responsabilidad de la persona que accede a ellos o los utilice.\u00a0<strong>EQUIPO 56. SL<\/strong>, no asume responsabilidad alguna por la informaci\u00f3n contenida en la web de terceros a las que se pueda acceder por links o buscadores ubicados en esta web. La presencia de estos links tiene una finalidad meramente informativa.<\/p>\n","protected":false},"excerpt":{"rendered":"<p>TITULAR DEL SITIO WEB Denominaci\u00f3n Social: EQUIPO 56, SL CIF: B-61847992 Domicilio Social: Avda. Gral. Per\u00f3n 22, 1\u00aaC 28020, Madrid Contacto: Luis Huete Tel\u00e9fono: 917021458 Email: equipo56@luishuete.com DATOS DE INSCRIPCI\u00d3N EN EL REGISTRO MERCANTIL: Tomo: 17.156 Folio: 201 Hoja: M-29386 Inscripci\u00f3n: 2 DERECHOS DE PROPIEDAD INTELECTUAL E INDUSTRIAL EQUIPO 56, SL con CIF: B-61847992. es &#8230; <a title=\"Aviso Legal\" class=\"read-more\" href=\"https:\/\/www.luishuete.com\/mentorizacion\/aviso-legal\/\" aria-label=\"Leer m\u00e1s sobre Aviso Legal\">Leer m\u00e1s<\/a><\/p>\n","protected":false},"author":1,"featured_media":0,"parent":0,"menu_order":0,"comment_status":"closed","ping_status":"closed","template":"","meta":{"footnotes":""},"class_list":["post-114","page","type-page","status-publish"],"_links":{"self":[{"href":"https:\/\/www.luishuete.com\/mentorizacion\/wp-json\/wp\/v2\/pages\/114","targetHints":{"allow":["GET"]}}],"collection":[{"href":"https:\/\/www.luishuete.com\/mentorizacion\/wp-json\/wp\/v2\/pages"}],"about":[{"href":"https:\/\/www.luishuete.com\/mentorizacion\/wp-json\/wp\/v2\/types\/page"}],"author":[{"embeddable":true,"href":"https:\/\/www.luishuete.com\/mentorizacion\/wp-json\/wp\/v2\/users\/1"}],"replies":[{"embeddable":true,"href":"https:\/\/www.luishuete.com\/mentorizacion\/wp-json\/wp\/v2\/comments?post=114"}],"version-history":[{"count":0,"href":"https:\/\/www.luishuete.com\/mentorizacion\/wp-json\/wp\/v2\/pages\/114\/revisions"}],"wp:attachment":[{"href":"https:\/\/www.luishuete.com\/mentorizacion\/wp-json\/wp\/v2\/media?parent=114"}],"curies":[{"name":"wp","href":"https:\/\/api.w.org\/{rel}","templated":true}]}}